{"id":99,"date":"2022-08-24T12:01:18","date_gmt":"2022-08-24T10:01:18","guid":{"rendered":"http:\/\/zithamobil.lu\/equipe\/"},"modified":"2026-02-02T18:01:50","modified_gmt":"2026-02-02T17:01:50","slug":"team","status":"publish","type":"page","link":"https:\/\/zithamobil.lu\/de\/team\/","title":{"rendered":"Team"},"content":{"rendered":"<section class=\"wpb-content-wrapper\"><p>[vc_section full_width=&#8220;stretch_row&#8220; el_id=&#8220;intro&#8220; css=&#8220;.vc_custom_1661342137091{background-image: url(\/wp-content\/uploads\/2022\/08\/Group-624.jpg?id=72) !important;}&#8220;][vc_row full_width=&#8220;stretch_row_content_no_spaces&#8220;][vc_column][vc_single_image image=&#8220;72&#8243; img_size=&#8220;full&#8220; alignment=&#8220;center&#8220; css=&#8220;.vc_custom_1661342165477{margin-bottom: 0px !important;}&#8220;][\/vc_column][\/vc_row][\/vc_section][vc_section][vc_row][vc_column][vc_column_text el_class=&#8220;al-center title-row&#8220;]<\/p>\n<h1 class=\"robo-thin\">Team<\/h1>\n<h2>Ein multidisziplin\u00e4res Team, das immer zur Stelle ist<\/h2>\n<p>[\/vc_column_text][vc_column_text]Das multidisziplin\u00e4re Pflegeteam verf\u00fcgt \u00fcber ausgepr\u00e4gte Beziehungs- und Fachkompetenzen, die es ihm erm\u00f6glichen, in schwierigen Lebensphasen modernste Beratungsleistungen anzubieten und bei Pflegebed\u00fcrftigkeit Informationen und Unterst\u00fctzung zu liefern. Gesundheitsberatung sowie pflegerische Betreuung in Zusammenarbeit mit Allgemein- oder Fach\u00e4rzten sind die Voraussetzungen f\u00fcr eine qualitativ hochwertige Behandlung und Betreuung bei ZithaMobil.[\/vc_column_text][\/vc_column][\/vc_row][\/vc_section][vc_section][vc_row][vc_column][vc_column_text el_id=&#8220;director-head&#8220; el_class=&#8220;al-center&#8220;]<\/p>\n<h2>Leitungsteam<\/h2>\n<p>Angela MALERBA, Direktorin<\/p>\n<p>Wolfgang SPECK, Leiter der Gesch\u00e4ftsstelle<\/p>\n<p>Lydia GOGOLIN, Koordinatorin Zentrum Luxemburg<br \/>\nMartina MAHREN, Koordinatorin Zentrum Contern<br \/>\nSteffi HERMES, Koordinatorin Zentrum Consdorf<br \/>\nCatherine FR\u00d6HLICH, Koordinatorin Zentrum P\u00e9tange<\/p>\n<p>Magali POLET, Koordinatorin &#8222;Foyer Bourbon&#8220; Luxemburg<br \/>\nMartina MAHREN, Koordinatorin &#8222;Foyer Op der Heed&#8220; Contern.<br \/>\nSteffi HERMES, Koordinatorin &#8222;Foyer Burgkapp&#8220; Consdorf<br \/>\nCatherine FR\u00d6HLICH, Koordinatorin &#8222;Foyer Op der Maartplaz&#8220; P\u00e9tange[\/vc_column_text][\/vc_column][\/vc_row][\/vc_section][vc_section][vc_row][vc_column width=&#8220;1\/3&#8243;][vc_column_text]<\/p>\n<p class=\"team-head\">Krankenpfleger<\/p>\n<p>Die Aufgabe der Krankenschwester\/des Krankenpflegers ist es, Pflegeprozesse zu konzipieren, zu aktualisieren und umzusetzen. Sie\/er spielt eine wichtige Rolle im Qualit\u00e4tsmanagement und in der kontinuierlichen Pflege.[\/vc_column_text][\/vc_column][vc_column width=&#8220;1\/3&#8243;][vc_column_text]<\/p>\n<p class=\"team-head\">Pflegehelfer\/in<\/p>\n<p>Der\/die Pflegehelfer\/in soll die k\u00f6rperlichen und geistigen F\u00e4higkeiten des Patienten f\u00f6rdern und erhalten, indem er\/sie den Gesundheitszustand und die kognitiven und psychomotorischen Ressourcen des Patienten\/der Patientin ber\u00fccksichtigt. Er\/sie ist an der Umsetzung und Aktualisierung des Konzepts f\u00fcr die Betreuung des Einzelnen beteiligt.[\/vc_column_text][\/vc_column][vc_column width=&#8220;1\/3&#8243;][vc_column_text]<\/p>\n<p class=\"team-head\">Lebenshelfer<\/p>\n<p>Die Betreuerin\/der Betreuer steht in direktem und kontinuierlichem Kontakt mit dem Patienten. Er\/sie hat die Aufgabe, die Ressourcen des Patienten zu erfassen, um dessen Bed\u00fcrfnisse und W\u00fcnsche zu ermitteln. Er\/sie ist an der Gestaltung des aktiven Tagesablaufs und damit an dessen erfolgreicher Umsetzung beteiligt.[\/vc_column_text][\/vc_column][\/vc_row][vc_row][vc_column width=&#8220;1\/3&#8243;][vc_column_text]<\/p>\n<p class=\"team-head\">Sozio-famili\u00e4re Hilfe<\/p>\n<p>Die sozialp\u00e4dagogische Familienhilfe ist direkt an der Gestaltung des Alltags des Patienten beteiligt. Er\/sie beteiligt sich an der Gestaltung des aktiven Tagesablaufs und damit an dessen Umsetzung sowie an der Aktualisierung des Betreuungskonzepts.[\/vc_column_text][\/vc_column][vc_column width=&#8220;1\/3&#8243;][vc_column_text]<\/p>\n<p class=\"team-head\">Erzieher<\/p>\n<p>Der Erzieher\/die Erzieherin hat die Aufgabe, die k\u00f6rperlichen und geistigen F\u00e4higkeiten des Patienten unter Ber\u00fccksichtigung des Gesundheitszustands und der kognitiven und psychomotorischen Ressourcen des Patienten zu f\u00f6rdern und zu erhalten, und bringt sich aufgrund seiner\/ihrer Fachkenntnisse in das multidisziplin\u00e4re Team ein.[\/vc_column_text][\/vc_column][vc_column width=&#8220;1\/3&#8243;][vc_column_text]<\/p>\n<p class=\"team-head\">Ergotherapeut<\/p>\n<p>Er\/Sie f\u00f6rdert und erh\u00e4lt die k\u00f6rperlichen und geistigen F\u00e4higkeiten des Patienten unter Ber\u00fccksichtigung seines\/ihres Gesundheitszustands und seiner\/ihrer kognitiven und psychomotorischen Ressourcen und bringt sich mit seinem\/ihrem Fachwissen in das multidisziplin\u00e4re Team ein. Sie\/er beteiligt sich an der optimalen Koordination und Organisation von Pr\u00e4ventions-, Rehabilitations- und Gesundheitsversorgungsleistungen sowie an deren ordnungsgem\u00e4\u00dfer Durchf\u00fchrung unter Ber\u00fccksichtigung des aktuellen Wissensstandes.[\/vc_column_text][\/vc_column][\/vc_row][vc_row][vc_column width=&#8220;1\/3&#8243;][vc_column_text]<\/p>\n<p class=\"team-head\">Physiotherapeut<\/p>\n<p>Der\/die Physiotherapeut\/in beteiligt sich an der Gestaltung, Aktualisierung und Umsetzung von Rehabilitationsprozessen. Er\/sie beteiligt sich an der Gestaltung des aktiven Tagesablaufs auf der Grundlage seiner\/ihrer Kenntnisse in Geriatrie, Gerontologie, Gerontopsychiatrie und Palliativmedizin, ber\u00e4t und instruiert die Patienten in ihren Beziehungen mit geeigneten Hilfsmitteln, um ihre Selbstst\u00e4ndigkeit und Unabh\u00e4ngigkeit zu verbessern.[\/vc_column_text][\/vc_column][vc_column width=&#8220;1\/3&#8243;][vc_column_text]<\/p>\n<p class=\"team-head\">Psychologe<\/p>\n<p>Er\/sie ist Teil des multidisziplin\u00e4ren Teams und beteiligt sich an der Erhebung von Daten \u00fcber den psychologischen Zustand des Patienten. Er\/sie f\u00fchrt die sozialpsychologische Betreuung durch und ber\u00e4t in diesem Bereich. Er\/sie betreut das multidisziplin\u00e4re Team beim neuropsychologischen Assessment und bei der Organisation von Unterst\u00fctzungsaktivit\u00e4ten, insbesondere bei Patienten mit kognitiven St\u00f6rungen oder psychiatrischen Erkrankungen.[\/vc_column_text][\/vc_column][vc_column width=&#8220;1\/3&#8243;][vc_column_text]<\/p>\n<p class=\"team-head\">Sozialarbeiter\/in<\/p>\n<p>Der\/die Sozialarbeiter\/in versucht, Patienten in Schwierigkeiten zu helfen, um ihr Wohlbefinden, ihre soziale Eingliederung und ihre Selbstst\u00e4ndigkeit zu f\u00f6rdern. Er\/sie h\u00f6rt den Menschen zu, unterst\u00fctzt, begleitet, ber\u00e4t oder leitet sie weiter, je nach ihren W\u00fcnschen und Bed\u00fcrfnissen. Verschiedene Themen k\u00f6nnen Gegenstand einer Sozialberatung sein, z. B. die Pflegeversicherung, der SNF, Telealarm, ambulante Pflege zu Hause, individuelle Verwaltungshilfe, Antr\u00e4ge f\u00fcr ADAPTO, Rechtsschutzma\u00dfnahmen (gesetzliche Vertretung, Beistandschaft\/Vormundschaft), usw.[\/vc_column_text][\/vc_column][\/vc_row][\/vc_section][vc_section full_width=&#8220;stretch_row&#8220; el_id=&#8220;page-pre-bottom-sec&#8220; css=&#8220;.vc_custom_1661339085727{background-image: url(\/wp-content\/uploads\/2022\/08\/Group-193.png?id=33) !important;}&#8220;][vc_row full_width=&#8220;stretch_row&#8220; equal_height=&#8220;yes&#8220; content_placement=&#8220;middle&#8220; el_id=&#8220;page-bottom-contact-row&#8220; css=&#8220;.vc_custom_1661338309526{background-image: url(\/wp-content\/uploads\/2022\/08\/Path-48.png?id=43) !important;}&#8220;][vc_column width=&#8220;1\/2&#8243;][vc_single_image image=&#8220;39&#8243; img_size=&#8220;full&#8220; alignment=&#8220;center&#8220; el_class=&#8220;no-space-img&#8220;][\/vc_column][vc_column width=&#8220;1\/2&#8243;][vc_column_text el_class=&#8220;al-center white&#8220; css=&#8220;.vc_custom_1661338701261{margin-bottom: 0px !important;}&#8220;]<a href=\"\/de\/kontakt\/\">Kontaktieren Sie uns jetzt<\/a>[\/vc_column_text][\/vc_column][\/vc_row][\/vc_section][vc_section el_id=&#8220;page-bottom-sec&#8220;][vc_row][vc_column][vc_column_text el_class=&#8220;al-center&#8220;]<\/p>\n<h2>Koordinationszentren<\/h2>\n<p>[\/vc_column_text][\/vc_column][\/vc_row][vc_row][vc_column width=&#8220;1\/4&#8243;][vc_column_text]<strong>Luxembourg (Hauptsitz)<\/strong><br \/>\n13 rue Michel Rodange<br \/>\nL-2430 LUXEMBOURG<br \/>\nTel. : 40144 2280<br \/>\nFax : 40144 2281<br \/>\nE-mail : <a href=\"mailto:zithamobil@zitha.lu\">zithamobil@zitha.lu<\/a>[\/vc_column_text][\/vc_column][vc_column width=&#8220;1\/4&#8243;][vc_column_text]<strong>Contern <\/strong><br \/>\n2 &amp; 4 Op Bricherpad<br \/>\nL-5322 CONTERN<br \/>\nTel. : 27 90 59 990 2<br \/>\nE-mail : <a href=\"tel:zithamobil@zitha.lu\">zithamobil@zitha.lu<\/a>[\/vc_column_text][\/vc_column][vc_column width=&#8220;1\/4&#8243;][vc_column_text]<strong>Consdorf <\/strong><br \/>\n4-5 rue Burgkapp<br \/>\nL-6211 CONSDORF<br \/>\nTel. : 26 45 31<br \/>\nE-mail : <a href=\"mailto:consdorf@zitha.lu\">consdorf@zitha.lu<\/a>[\/vc_column_text][\/vc_column][vc_column width=&#8220;1\/4&#8243;][vc_column_text]<strong>P\u00e9tange <\/strong><br \/>\n28 rue de l&#8217;Eglise<br \/>\nL-4732 PETANGE<br \/>\nTel. : 50 90 81 1<br \/>\nE-mail : <a href=\"tel:petange@zitha.lu\">petange@zitha.lu<\/a>[\/vc_column_text][\/vc_column][\/vc_row][vc_row full_width=&#8220;stretch_row_content_no_spaces&#8220;][vc_column][vc_column_text css=&#8220;.vc_custom_1661338264850{margin-bottom: 0px !important;}&#8220;]<style>.gm-style-iw { line-height: inherit !important;}<\/style><div class=\"wpgmp_map_container wpgmp-map-1\" rel=\"map1\"><div class=\"wpgmp_map_parent\"><div class=\"wpgmp_map \" style=\"width:100%; height:450px;\" id=\"map1\" ><\/div><\/div><\/div><div style=\"display:none !important;visiblity:hidden !important:width:0px;height:0px;padding:0px;margin:0px;\" class=\"wpgmp-map-data-container\" data-map-id=\"1\">eyJtYXBfb3B0aW9ucyI6eyJjZW50ZXJfbGF0IjoiNDkuNjA0NTUzMyIsImNlbnRlcl9sbmciOiI2LjEyNzQ2MzIwMDAwMDAwMSIsInpvb20iOjEwLCJtYXBfdHlwZV9pZCI6IlJPQURNQVAiLCJmaXRfYm91bmRzIjpmYWxzZSwiZHJhZ2dhYmxlIjp0cnVlLCJzY3JvbGxfd2hlZWwiOnRydWUsImRpc3BsYXlfNDVfaW1hZ2VyeSI6IiIsIm1hcmtlcl9kZWZhdWx0X2ljb24iOiJodHRwOlwvXC96aXRoYW1vYmlsLmx1XC93cC1jb250ZW50XC9wbHVnaW5zXC93cC1nb29nbGUtbWFwLXBsdWdpblwvYXNzZXRzXC9pbWFnZXNcL1wvZGVmYXVsdF9tYXJrZXIucG5nIiwiaW5mb3dpbmRvd19zZXR0aW5nIjoiIiwiaW5mb3dpbmRvd19ib3VuY2VfYW5pbWF0aW9uIjoiIiwiaW5mb3dpbmRvd19kcm9wX2FuaW1hdGlvbiI6ZmFsc2UsImNsb3NlX2luZm93aW5kb3dfb25fbWFwX2NsaWNrIjpmYWxzZSwiaW5mb3dpbmRvd19za2luIjoiIiwiZGVmYXVsdF9pbmZvd2luZG93X29wZW4iOmZhbHNlLCJpbmZvd2luZG93X29wZW5fZXZlbnQiOiJjbGljayIsImZ1bGxfc2NyZWVuX2NvbnRyb2wiOnRydWUsInNlYXJjaF9jb250cm9sIjp0cnVlLCJ6b29tX2NvbnRyb2wiOnRydWUsIm1hcF90eXBlX2NvbnRyb2wiOnRydWUsInN0cmVldF92aWV3X2NvbnRyb2wiOnRydWUsImZ1bGxfc2NyZWVuX2NvbnRyb2xfcG9zaXRpb24iOiJUT1BfTEVGVCIsInNlYXJjaF9jb250cm9sX3Bvc2l0aW9uIjoiVE9QX0xFRlQiLCJ6b29tX2NvbnRyb2xfcG9zaXRpb24iOiJUT1BfTEVGVCIsIm1hcF90eXBlX2NvbnRyb2xfcG9zaXRpb24iOiJUT1BfTEVGVCIsIm1hcF90eXBlX2NvbnRyb2xfc3R5bGUiOiJIT1JJWk9OVEFMX0JBUiIsInN0cmVldF92aWV3X2NvbnRyb2xfcG9zaXRpb24iOiJUT1BfTEVGVCIsIm1hcF9jb250cm9sIjp0cnVlLCJtYXBfY29udHJvbF9zZXR0aW5ncyI6ZmFsc2UsIm1hcF96b29tX2FmdGVyX3NlYXJjaCI6Niwid2lkdGgiOiIiLCJoZWlnaHQiOiI0NTAifSwicGxhY2VzIjpbeyJpZCI6IjEiLCJ0aXRsZSI6IlppdGhhIEx1eGVtYm91cmciLCJhZGRyZXNzIjoiMTMgUnVlIE1pY2hlbCBSb2RhbmdlLCBMdXhlbWJvdXJnIiwic291cmNlIjoibWFudWFsIiwiY29udGVudCI6IkFudGVubmUgbW9iaWxlIFx1MDBlMSBMdXhlbWJvdXJnPGJyIFwvPlxyXG48aHIgXC8+PGJyIFwvPlxyXG5BbnRlbm5lIG1vYmlsZSBcdTAwZTIgTHV4ZW1ib3VyZzxiciBcLz5cclxuMTMgcnVlIE1pY2hlbCBSb2RhbmdlPGJyIFwvPlxyXG5MIFx1MjAxMyAyNDMwIEx1eGVtYm91cmc8YnIgXC8+XHJcblRlbC46ICszNTIgNDAxNDQgMjI4MDxiciBcLz5cclxuRS1tYWlsOiB6aXRoYW1vYmlsQHppdGhhLmx1IiwibG9jYXRpb24iOnsiaWNvbiI6Imh0dHA6XC9cL3ppdGhhbW9iaWwubHVcL3dwLWNvbnRlbnRcL3BsdWdpbnNcL3dwLWdvb2dsZS1tYXAtcGx1Z2luXC9hc3NldHNcL2ltYWdlc1wvXC9kZWZhdWx0X21hcmtlci5wbmciLCJsYXQiOiI0OS42MDQ1NTMzIiwibG5nIjoiNi4xMjc0NjMyMDAwMDAwMDEiLCJjaXR5IjoiTHV4ZW1ib3VyZyIsInN0YXRlIjoiTHV4ZW1ib3VyZyIsImNvdW50cnkiOiJMdXhlbWJvdXJnIiwib25jbGlja19hY3Rpb24iOiJtYXJrZXIiLCJyZWRpcmVjdF9jdXN0b21fbGluayI6IiIsIm1hcmtlcl9pbWFnZSI6IiIsIm9wZW5fbmV3X3RhYiI6InllcyIsInBvc3RhbF9jb2RlIjoiIiwiZHJhZ2dhYmxlIjpmYWxzZSwiaW5mb3dpbmRvd19kZWZhdWx0X29wZW4iOmZhbHNlLCJhbmltYXRpb24iOiJCT1VOQ0UiLCJpbmZvd2luZG93X2Rpc2FibGUiOnRydWUsInpvb20iOjUsImV4dHJhX2ZpZWxkcyI6IiJ9LCJjYXRlZ29yaWVzIjpbeyJpZCI6IiIsIm5hbWUiOiIiLCJ0eXBlIjoiY2F0ZWdvcnkiLCJleHRlbnNpb25fZmllbGRzIjpbXSwiaWNvbiI6Imh0dHA6XC9cL3ppdGhhbW9iaWwubHVcL3dwLWNvbnRlbnRcL3BsdWdpbnNcL3dwLWdvb2dsZS1tYXAtcGx1Z2luXC9hc3NldHNcL2ltYWdlc1wvXC9kZWZhdWx0X21hcmtlci5wbmcifV0sImN1c3RvbV9maWx0ZXJzIjoiIn0seyJpZCI6IjIiLCJ0aXRsZSI6IlppdGhhIENvbnRlcm4iLCJhZGRyZXNzIjoiMTEgUnVlIGRlIFN5cmVuLCBDb250ZXJuLCBMdXhlbWJvdXJnIiwic291cmNlIjoibWFudWFsIiwiY29udGVudCI6IkFudGVubmUgbW9iaWxlIFx1MDBlMSAgQ29udGVybjxiciBcLz5cclxuPGhyIFwvPjxiciBcLz5cclxuQW50ZW5uZSBtb2JpbGUgXHUwMGUyIENvbnRlcm48YnIgXC8+XHJcbjExLCBydWUgZGUgU3lyZW48YnIgXC8+XHJcbkwtNTMxNiBDb250ZXJuPGJyIFwvPlxyXG5UZWwuOiArMzUyIDI3IDkwIDU5IDk5MDxiciBcLz5cclxuRS1tYWlsOiBjb250ZXJuQHppdGhhLmx1IiwibG9jYXRpb24iOnsiaWNvbiI6Imh0dHA6XC9cL3ppdGhhbW9iaWwubHVcL3dwLWNvbnRlbnRcL3BsdWdpbnNcL3dwLWdvb2dsZS1tYXAtcGx1Z2luXC9hc3NldHNcL2ltYWdlc1wvXC9kZWZhdWx0X21hcmtlci5wbmciLCJsYXQiOiI0OS41ODI0ODIxMDAwMDAwMSIsImxuZyI6IjYuMjI1MjEyOSIsImNpdHkiOiJDb250ZXJuIiwic3RhdGUiOiJMdXhlbWJvdXJnIiwiY291bnRyeSI6Ikx1eGVtYm91cmciLCJvbmNsaWNrX2FjdGlvbiI6Im1hcmtlciIsInJlZGlyZWN0X2N1c3RvbV9saW5rIjoiIiwibWFya2VyX2ltYWdlIjoiIiwib3Blbl9uZXdfdGFiIjoieWVzIiwicG9zdGFsX2NvZGUiOiIiLCJkcmFnZ2FibGUiOmZhbHNlLCJpbmZvd2luZG93X2RlZmF1bHRfb3BlbiI6ZmFsc2UsImFuaW1hdGlvbiI6IkJPVU5DRSIsImluZm93aW5kb3dfZGlzYWJsZSI6dHJ1ZSwiem9vbSI6NSwiZXh0cmFfZmllbGRzIjoiIn0sImNhdGVnb3JpZXMiOlt7ImlkIjoiIiwibmFtZSI6IiIsInR5cGUiOiJjYXRlZ29yeSIsImV4dGVuc2lvbl9maWVsZHMiOltdLCJpY29uIjoiaHR0cDpcL1wveml0aGFtb2JpbC5sdVwvd3AtY29udGVudFwvcGx1Z2luc1wvd3AtZ29vZ2xlLW1hcC1wbHVnaW5cL2Fzc2V0c1wvaW1hZ2VzXC9cL2RlZmF1bHRfbWFya2VyLnBuZyJ9XSwiY3VzdG9tX2ZpbHRlcnMiOiIifSx7ImlkIjoiMyIsInRpdGxlIjoiWml0aGEgQ29uc2RvcmYiLCJhZGRyZXNzIjoiNCBSdWUgQnV1cmdrYXBwLCBDb25zZG9yZiwgTHV4ZW1ib3VyZyIsInNvdXJjZSI6Im1hbnVhbCIsImNvbnRlbnQiOiJBbnRlbm5lIG1vYmlsZSBcdTAwZTEgQ29uc2RvcmY8YnIgXC8+XHJcbjxociBcLz48YnIgXC8+XHJcbkFudGVubmUgbW9iaWxlIFx1MDBlMiBDb25zZG9yZjxiciBcLz5cclxuNCwgcnVlIEJ1dXJna2FwcDxiciBcLz5cclxuTC02MjExIENvbnNkb3JmPGJyIFwvPlxyXG5UZWwuOiAgKzM1MiAyNiA0NSAzMTxiciBcLz5cclxuRS1tYWlsOiBjb25zZG9yZkB6aXRoYS5sdSIsImxvY2F0aW9uIjp7Imljb24iOiJodHRwOlwvXC96aXRoYW1vYmlsLmx1XC93cC1jb250ZW50XC9wbHVnaW5zXC93cC1nb29nbGUtbWFwLXBsdWdpblwvYXNzZXRzXC9pbWFnZXNcL1wvZGVmYXVsdF9tYXJrZXIucG5nIiwibGF0IjoiNDkuNzgwNTAxNiIsImxuZyI6IjYuMzM3MDA1NyIsImNpdHkiOiJDb25zZG9yZiIsInN0YXRlIjoiRWNodGVybmFjaCIsImNvdW50cnkiOiJMdXhlbWJvdXJnIiwib25jbGlja19hY3Rpb24iOiJtYXJrZXIiLCJyZWRpcmVjdF9jdXN0b21fbGluayI6IiIsIm1hcmtlcl9pbWFnZSI6IiIsIm9wZW5fbmV3X3RhYiI6InllcyIsInBvc3RhbF9jb2RlIjoiIiwiZHJhZ2dhYmxlIjpmYWxzZSwiaW5mb3dpbmRvd19kZWZhdWx0X29wZW4iOmZhbHNlLCJhbmltYXRpb24iOiJCT1VOQ0UiLCJpbmZvd2luZG93X2Rpc2FibGUiOnRydWUsInpvb20iOjUsImV4dHJhX2ZpZWxkcyI6IiJ9LCJjYXRlZ29yaWVzIjpbeyJpZCI6IiIsIm5hbWUiOiIiLCJ0eXBlIjoiY2F0ZWdvcnkiLCJleHRlbnNpb25fZmllbGRzIjpbXSwiaWNvbiI6Imh0dHA6XC9cL3ppdGhhbW9iaWwubHVcL3dwLWNvbnRlbnRcL3BsdWdpbnNcL3dwLWdvb2dsZS1tYXAtcGx1Z2luXC9hc3NldHNcL2ltYWdlc1wvXC9kZWZhdWx0X21hcmtlci5wbmcifV0sImN1c3RvbV9maWx0ZXJzIjoiIn0seyJpZCI6IjQiLCJ0aXRsZSI6IlppdGhhIFBldGFuZ2UiLCJhZGRyZXNzIjoiMjggUnVlIGRlIGwnRWdsaXNlLCBQXHUwMGU5dGFuZ2UsIEx1eGVtYm91cmciLCJzb3VyY2UiOiJtYW51YWwiLCJjb250ZW50IjoiQW50ZW5uZSBtb2JpbGUgXHUwMGUxIFBcdTAwZTl0YW5nZTxiciBcLz5cclxuPGhyIFwvPjxiciBcLz5cclxuQW50ZW5uZSBtb2JpbGUgXHUwMGUyIFBcdTAwZTl0YW5nZTxiciBcLz5cclxuMjgsIHJ1ZSBkZSBsXHUyMDE5RWdsaXNlPGJyIFwvPlxyXG5MLTQ3MzIgUGV0aW5nZW48YnIgXC8+XHJcblRlbC46ICszNTIgNTAgOTAgODEgMTxiciBcLz5cclxuRS1tYWlsOiBwZXRhbmdlQHppdGhhLmx1IiwibG9jYXRpb24iOnsiaWNvbiI6Imh0dHA6XC9cL3ppdGhhbW9iaWwubHVcL3dwLWNvbnRlbnRcL3BsdWdpbnNcL3dwLWdvb2dsZS1tYXAtcGx1Z2luXC9hc3NldHNcL2ltYWdlc1wvXC9kZWZhdWx0X21hcmtlci5wbmciLCJsYXQiOiI0OS41NTgzNjMyIiwibG5nIjoiNS44NzU1NTc0OTk5OTk5OTkiLCJjaXR5IjoiUFx1MDBlOXRhbmdlIiwic3RhdGUiOiJFc2NoLXN1ci1BbHpldHRlIiwiY291bnRyeSI6Ikx1eGVtYm91cmciLCJvbmNsaWNrX2FjdGlvbiI6Im1hcmtlciIsInJlZGlyZWN0X2N1c3RvbV9saW5rIjoiIiwibWFya2VyX2ltYWdlIjoiIiwib3Blbl9uZXdfdGFiIjoieWVzIiwicG9zdGFsX2NvZGUiOiIiLCJkcmFnZ2FibGUiOmZhbHNlLCJpbmZvd2luZG93X2RlZmF1bHRfb3BlbiI6ZmFsc2UsImFuaW1hdGlvbiI6IkJPVU5DRSIsImluZm93aW5kb3dfZGlzYWJsZSI6dHJ1ZSwiem9vbSI6NSwiZXh0cmFfZmllbGRzIjoiIn0sImNhdGVnb3JpZXMiOlt7ImlkIjoiIiwibmFtZSI6IiIsInR5cGUiOiJjYXRlZ29yeSIsImV4dGVuc2lvbl9maWVsZHMiOltdLCJpY29uIjoiaHR0cDpcL1wveml0aGFtb2JpbC5sdVwvd3AtY29udGVudFwvcGx1Z2luc1wvd3AtZ29vZ2xlLW1hcC1wbHVnaW5cL2Fzc2V0c1wvaW1hZ2VzXC9cL2RlZmF1bHRfbWFya2VyLnBuZyJ9XSwiY3VzdG9tX2ZpbHRlcnMiOiIifV0sInN0eWxlcyI6IiIsImxpc3RpbmciOiIiLCJtYXJrZXJfY2x1c3RlciI6IiIsIm1hcF9wcm9wZXJ0eSI6eyJtYXBfaWQiOiIxIiwiZGVidWdfbW9kZSI6ZmFsc2V9fQ==<\/div>[\/vc_column_text][\/vc_column][\/vc_row][\/vc_section]<\/p>\n<\/section>","protected":false},"excerpt":{"rendered":"<p>[vc_section full_width=&#8220;stretch_row&#8220; el_id=&#8220;intro&#8220; css=&#8220;.vc_custom_1661342137091{background-image: url(\/wp-content\/uploads\/2022\/08\/Group-624.jpg?id=72) !important;}&#8220;][vc_row full_width=&#8220;stretch_row_content_no_spaces&#8220;][vc_column][vc_single_image image=&#8220;72&#8243; img_size=&#8220;full&#8220; alignment=&#8220;center&#8220; css=&#8220;.vc_custom_1661342165477{margin-bottom: 0px !important;}&#8220;][\/vc_column][\/vc_row][\/vc_section][vc_section][vc_row][vc_column][vc_column_text el_class=&#8220;al-center title-row&#8220;] Team Ein multidisziplin\u00e4res Team, das immer zur Stelle ist [\/vc_column_text][vc_column_text]Das multidisziplin\u00e4re<span class=\"excerpt-hellip\"> [\u2026]<\/span><\/p>\n","protected":false},"author":1,"featured_media":0,"parent":0,"menu_order":0,"comment_status":"closed","ping_status":"closed","template":"","meta":{"footnotes":""},"class_list":["post-99","page","type-page","status-publish","hentry"],"yoast_head":"<!-- This site is optimized with the Yoast SEO plugin v20.12 - https:\/\/yoast.com\/wordpress\/plugins\/seo\/ -->\n<title>Team - ZithaMobil<\/title>\n<meta name=\"robots\" content=\"index, follow, max-snippet:-1, max-image-preview:large, max-video-preview:-1\" \/>\n<link rel=\"canonical\" href=\"https:\/\/zithamobil.lu\/de\/team\/\" \/>\n<meta property=\"og:locale\" content=\"de_DE\" \/>\n<meta property=\"og:type\" content=\"article\" \/>\n<meta property=\"og:title\" content=\"Team - ZithaMobil\" \/>\n<meta property=\"og:description\" content=\"[vc_section full_width=&#8220;stretch_row&#8220; el_id=&#8220;intro&#8220; css=&#8220;.vc_custom_1661342137091{background-image: url(\/wp-content\/uploads\/2022\/08\/Group-624.jpg?id=72) !important;}&#8220;][vc_row full_width=&#8220;stretch_row_content_no_spaces&#8220;][vc_column][vc_single_image image=&#8220;72&#8243; img_size=&#8220;full&#8220; alignment=&#8220;center&#8220; css=&#8220;.vc_custom_1661342165477{margin-bottom: 0px !important;}&#8220;][\/vc_column][\/vc_row][\/vc_section][vc_section][vc_row][vc_column][vc_column_text el_class=&#8220;al-center title-row&#8220;] Team Ein multidisziplin\u00e4res Team, das immer zur Stelle ist [\/vc_column_text][vc_column_text]Das multidisziplin\u00e4re [\u2026]\" \/>\n<meta property=\"og:url\" content=\"https:\/\/zithamobil.lu\/de\/team\/\" \/>\n<meta property=\"og:site_name\" content=\"ZithaMobil\" \/>\n<meta property=\"article:modified_time\" content=\"2026-02-02T17:01:50+00:00\" \/>\n<meta name=\"twitter:card\" content=\"summary_large_image\" \/>\n<meta name=\"twitter:label1\" content=\"Gesch\u00e4tzte Lesezeit\" \/>\n\t<meta name=\"twitter:data1\" content=\"3\u00a0Minuten\" \/>\n<script type=\"application\/ld+json\" class=\"yoast-schema-graph\">{\"@context\":\"https:\/\/schema.org\",\"@graph\":[{\"@type\":\"WebPage\",\"@id\":\"https:\/\/zithamobil.lu\/de\/team\/\",\"url\":\"https:\/\/zithamobil.lu\/de\/team\/\",\"name\":\"Team - ZithaMobil\",\"isPartOf\":{\"@id\":\"https:\/\/zithamobil.lu\/#website\"},\"datePublished\":\"2022-08-24T10:01:18+00:00\",\"dateModified\":\"2026-02-02T17:01:50+00:00\",\"breadcrumb\":{\"@id\":\"https:\/\/zithamobil.lu\/de\/team\/#breadcrumb\"},\"inLanguage\":\"de\",\"potentialAction\":[{\"@type\":\"ReadAction\",\"target\":[\"https:\/\/zithamobil.lu\/de\/team\/\"]}]},{\"@type\":\"BreadcrumbList\",\"@id\":\"https:\/\/zithamobil.lu\/de\/team\/#breadcrumb\",\"itemListElement\":[{\"@type\":\"ListItem\",\"position\":1,\"name\":\"Home\",\"item\":\"https:\/\/zithamobil.lu\/de\/\"},{\"@type\":\"ListItem\",\"position\":2,\"name\":\"Team\"}]},{\"@type\":\"WebSite\",\"@id\":\"https:\/\/zithamobil.lu\/#website\",\"url\":\"https:\/\/zithamobil.lu\/\",\"name\":\"ZithaMobil\",\"description\":\"Un site utilisant WordPress\",\"inLanguage\":\"de\"}]}<\/script>\n<!-- \/ Yoast SEO plugin. -->","yoast_head_json":{"title":"Team - ZithaMobil","robots":{"index":"index","follow":"follow","max-snippet":"max-snippet:-1","max-image-preview":"max-image-preview:large","max-video-preview":"max-video-preview:-1"},"canonical":"https:\/\/zithamobil.lu\/de\/team\/","og_locale":"de_DE","og_type":"article","og_title":"Team - ZithaMobil","og_description":"[vc_section full_width=&#8220;stretch_row&#8220; el_id=&#8220;intro&#8220; css=&#8220;.vc_custom_1661342137091{background-image: url(\/wp-content\/uploads\/2022\/08\/Group-624.jpg?id=72) !important;}&#8220;][vc_row full_width=&#8220;stretch_row_content_no_spaces&#8220;][vc_column][vc_single_image image=&#8220;72&#8243; img_size=&#8220;full&#8220; alignment=&#8220;center&#8220; css=&#8220;.vc_custom_1661342165477{margin-bottom: 0px !important;}&#8220;][\/vc_column][\/vc_row][\/vc_section][vc_section][vc_row][vc_column][vc_column_text el_class=&#8220;al-center title-row&#8220;] Team Ein multidisziplin\u00e4res Team, das immer zur Stelle ist [\/vc_column_text][vc_column_text]Das multidisziplin\u00e4re [\u2026]","og_url":"https:\/\/zithamobil.lu\/de\/team\/","og_site_name":"ZithaMobil","article_modified_time":"2026-02-02T17:01:50+00:00","twitter_card":"summary_large_image","twitter_misc":{"Gesch\u00e4tzte Lesezeit":"3\u00a0Minuten"},"schema":{"@context":"https:\/\/schema.org","@graph":[{"@type":"WebPage","@id":"https:\/\/zithamobil.lu\/de\/team\/","url":"https:\/\/zithamobil.lu\/de\/team\/","name":"Team - ZithaMobil","isPartOf":{"@id":"https:\/\/zithamobil.lu\/#website"},"datePublished":"2022-08-24T10:01:18+00:00","dateModified":"2026-02-02T17:01:50+00:00","breadcrumb":{"@id":"https:\/\/zithamobil.lu\/de\/team\/#breadcrumb"},"inLanguage":"de","potentialAction":[{"@type":"ReadAction","target":["https:\/\/zithamobil.lu\/de\/team\/"]}]},{"@type":"BreadcrumbList","@id":"https:\/\/zithamobil.lu\/de\/team\/#breadcrumb","itemListElement":[{"@type":"ListItem","position":1,"name":"Home","item":"https:\/\/zithamobil.lu\/de\/"},{"@type":"ListItem","position":2,"name":"Team"}]},{"@type":"WebSite","@id":"https:\/\/zithamobil.lu\/#website","url":"https:\/\/zithamobil.lu\/","name":"ZithaMobil","description":"Un site utilisant WordPress","inLanguage":"de"}]}},"_links":{"self":[{"href":"https:\/\/zithamobil.lu\/de\/wp-json\/wp\/v2\/pages\/99","targetHints":{"allow":["GET"]}}],"collection":[{"href":"https:\/\/zithamobil.lu\/de\/wp-json\/wp\/v2\/pages"}],"about":[{"href":"https:\/\/zithamobil.lu\/de\/wp-json\/wp\/v2\/types\/page"}],"author":[{"embeddable":true,"href":"https:\/\/zithamobil.lu\/de\/wp-json\/wp\/v2\/users\/1"}],"replies":[{"embeddable":true,"href":"https:\/\/zithamobil.lu\/de\/wp-json\/wp\/v2\/comments?post=99"}],"version-history":[{"count":10,"href":"https:\/\/zithamobil.lu\/de\/wp-json\/wp\/v2\/pages\/99\/revisions"}],"predecessor-version":[{"id":251,"href":"https:\/\/zithamobil.lu\/de\/wp-json\/wp\/v2\/pages\/99\/revisions\/251"}],"wp:attachment":[{"href":"https:\/\/zithamobil.lu\/de\/wp-json\/wp\/v2\/media?parent=99"}],"curies":[{"name":"wp","href":"https:\/\/api.w.org\/{rel}","templated":true}]}}